{"id":1724,"date":"2022-10-13T16:39:07","date_gmt":"2022-10-13T16:39:07","guid":{"rendered":"https:\/\/tekneart.com\/blog\/?page_id=1724"},"modified":"2022-10-13T18:04:52","modified_gmt":"2022-10-13T18:04:52","slug":"promociona-tu-arte","status":"publish","type":"page","link":"https:\/\/tekneart.com\/blog\/promociona-tu-arte\/","title":{"rendered":"Promociona tu arte"},"content":{"rendered":"\n<h2 class=\"wp-block-heading\">\u00bfEres un artista?<\/h2>\n\n\n\n<p style=\"font-size:18px\">Si quieres promocionar tus obras en TekneArt tenemos estas promociones:<\/p>\n\n\n\n<p style=\"font-size:16px\"><strong>PAQUETES PROMOCIONALES<\/strong><\/p>\n\n\n\n<p style=\"font-size:16px\"><\/p>\n\n\n\n<p style=\"font-size:16px\"><strong>PAQUETE PLATINO 99 USD<\/strong><br>&#x1f538; Publicaci\u00f3n de hasta 30 obras en TekneArt.com (sin l\u00edmite de tiempo)<br>&#x1f538; Incluye el bot\u00f3n <strong><em>BUY NOW<\/em><\/strong> vinculado a su sitio (Instagram, galer\u00eda, web, etc.) (<a href=\"https:\/\/tekneart.com\/artworks\/picture.php?\/109\/search\/77\" target=\"_blank\" rel=\"noreferrer noopener\">ver ejemplo<\/a>)<br>&#x1f538; Publicaci\u00f3n de tus obras en el Instagram de TekneArt<br>&#x1f538; Publicaci\u00f3n de tus obras en el Facebook de TekneArt<br>&#x1f538; Publicaci\u00f3n de tus obras como NFT *<br>&#x1f538; Destacado en <strong>Tekneart TV<\/strong> (<a rel=\"noreferrer noopener\" href=\"https:\/\/tekneart.com\/tv\" target=\"_blank\"><strong>ver<\/strong><\/a>)<br>&#x1f538; Destacado en <strong>TekneArt Discover<\/strong> (<a href=\"https:\/\/tekneart.com\/slideshow.php\" target=\"_blank\" rel=\"noreferrer noopener\"><strong>ver<\/strong><\/a>)<\/p>\n\n\n\n<p><\/p>\n\n\n\n<p style=\"font-size:16px\"><strong>PAQUETE ORO 39 USD<\/strong><br><strong><mark style=\"background-color:rgba(0, 0, 0, 0)\" class=\"has-inline-color has-vivid-red-color\">m\u00e1s popular<\/mark><\/strong><br>&#x1f538; Publicaci\u00f3n de hasta 10 obras en TekneArt.com (sin l\u00edmite de tiempo)<br>&#x1f538; Incluye el bot\u00f3n <strong><em>BUY NOW<\/em><\/strong> vinculado a su sitio (Instagram, galer\u00eda, web, etc.) (<a rel=\"noreferrer noopener\" href=\"https:\/\/tekneart.com\/artworks\/picture.php?\/109\/search\/77\" target=\"_blank\">ver ejemplo<\/a>)<br>&#x1f538; Publicaci\u00f3n de tus obras en el Instagram de TekneArt<br>&#x1f538; Publicaci\u00f3n de tus obras en el Facebook de TekneArt<br>&#x1f538; Publicaci\u00f3n de tus obras como NFT *<br>&#x1f538; Destacado en <strong>Tekneart TV<\/strong> (<a rel=\"noreferrer noopener\" href=\"https:\/\/tekneart.com\/tv\" target=\"_blank\"><strong>ver<\/strong><\/a>)<br>&#x1f538; Destacado en <strong>TekneArt Discover<\/strong> (<a rel=\"noreferrer noopener\" href=\"https:\/\/tekneart.com\/slideshow.php\" target=\"_blank\"><strong>ver<\/strong><\/a>)<\/p>\n\n\n\n<p><\/p>\n\n\n\n<p style=\"font-size:16px\"><strong>PAQUETE PLATA 29 USD<\/strong><br>&#x1f538; Publicaci\u00f3n de hasta 30 obras en TekneArt.com (sin l\u00edmite de tiempo)<br>&#x1f538; Incluye el bot\u00f3n <strong><em>BUY NOW<\/em><\/strong> vinculado a su sitio (Instagram, galer\u00eda, web, etc.) (<a rel=\"noreferrer noopener\" href=\"https:\/\/tekneart.com\/artworks\/picture.php?\/109\/search\/77\" target=\"_blank\">ver ejemplo<\/a>)<br>&#x1f538; Publicaci\u00f3n de tus obras en el Instagram de TekneArt<br>&#x1f538; Publicaci\u00f3n de tus obras en el Facebook de TekneArt<br>&#x1f538; Publicaci\u00f3n de tus obras como NFT *<br><\/p>\n\n\n\n<p style=\"font-size:16px\">* <em>Publicaci\u00f3n de obras de arte como NFT: costo de publicaci\u00f3n $0, comisi\u00f3n de ventas 35%<\/em><\/p>\n\n\n\n<p style=\"font-size:16px\">Cont\u00e1ctenos en <a href=\"mailto:info@tekneart.com\">info@tekneart.com<\/a> para m\u00e1s detalles<\/p>\n\n\n\n<p class=\"has-text-align-center has-medium-font-size\"><\/p>\n","protected":false},"excerpt":{"rendered":"<p>\u00bfEres un artista? Si quieres promocionar tus obras en TekneArt tenemos estas promociones: PAQUETES PROMOCIONALES PAQUETE PLATINO 99 USD&#x1f538; Publicaci\u00f3n de hasta 30 obras en TekneArt.com (sin l\u00edmite de tiempo)&#x1f538; Incluye el bot\u00f3n BUY NOW vinculado a su sitio (Instagram, galer\u00eda, web, etc.) (ver ejemplo)&#x1f538; Publicaci\u00f3n de tus obras en el Instagram de TekneArt&#x1f538; Publicaci\u00f3n [&hellip;]<\/p>\n","protected":false},"author":2,"featured_media":0,"parent":0,"menu_order":0,"comment_status":"closed","ping_status":"closed","template":"","meta":{"footnotes":""},"class_list":["post-1724","page","type-page","status-publish","hentry"],"_links":{"self":[{"href":"https:\/\/tekneart.com\/blog\/wp-json\/wp\/v2\/pages\/1724","targetHints":{"allow":["GET"]}}],"collection":[{"href":"https:\/\/tekneart.com\/blog\/wp-json\/wp\/v2\/pages"}],"about":[{"href":"https:\/\/tekneart.com\/blog\/wp-json\/wp\/v2\/types\/page"}],"author":[{"embeddable":true,"href":"https:\/\/tekneart.com\/blog\/wp-json\/wp\/v2\/users\/2"}],"replies":[{"embeddable":true,"href":"https:\/\/tekneart.com\/blog\/wp-json\/wp\/v2\/comments?post=1724"}],"version-history":[{"count":4,"href":"https:\/\/tekneart.com\/blog\/wp-json\/wp\/v2\/pages\/1724\/revisions"}],"predecessor-version":[{"id":1733,"href":"https:\/\/tekneart.com\/blog\/wp-json\/wp\/v2\/pages\/1724\/revisions\/1733"}],"wp:attachment":[{"href":"https:\/\/tekneart.com\/blog\/wp-json\/wp\/v2\/media?parent=1724"}],"curies":[{"name":"wp","href":"https:\/\/api.w.org\/{rel}","templated":true}]}}